{"id":318,"date":"2024-05-26T17:26:49","date_gmt":"2024-05-26T17:26:49","guid":{"rendered":"https:\/\/redcamif.org\/evolucion-finanzas-inclusivas\/?page_id=318"},"modified":"2024-07-10T15:30:49","modified_gmt":"2024-07-10T15:30:49","slug":"hotelvuelo","status":"publish","type":"page","link":"https:\/\/redcamif.org\/evolucion-finanzas-inclusivas\/hotelvuelo\/","title":{"rendered":"HOTEL+VUELO"},"content":{"rendered":"<p>[et_pb_section fb_built=&#8221;1&#8243; fullwidth=&#8221;on&#8221; _builder_version=&#8221;4.14.7&#8243; _module_preset=&#8221;default&#8221; global_colors_info=&#8221;{}&#8221;][et_pb_fullwidth_image src=&#8221;https:\/\/redcamif.org\/evolucion-finanzas-inclusivas\/wp-content\/uploads\/2024\/06\/tophotel2.jpg&#8221; title_text=&#8221;tophotel2&#8243; _builder_version=&#8221;4.14.7&#8243; _module_preset=&#8221;default&#8221; module_alignment=&#8221;center&#8221; custom_padding=&#8221;||14px|||&#8221; global_colors_info=&#8221;{}&#8221;][\/et_pb_fullwidth_image][\/et_pb_section][et_pb_section fb_built=&#8221;1&#8243; _builder_version=&#8221;4.14.7&#8243; _module_preset=&#8221;default&#8221; custom_padding=&#8221;35px||0px|||&#8221; global_colors_info=&#8221;{}&#8221;][et_pb_row _builder_version=&#8221;4.14.7&#8243; _module_preset=&#8221;default&#8221; global_colors_info=&#8221;{}&#8221;][et_pb_column type=&#8221;4_4&#8243; _builder_version=&#8221;4.14.7&#8243; _module_preset=&#8221;default&#8221; global_colors_info=&#8221;{}&#8221;][et_pb_text _builder_version=&#8221;4.14.7&#8243; _module_preset=&#8221;default&#8221; header_font=&#8221;Oswald|300|||||||&#8221; header_font_size=&#8221;49px&#8221; text_orientation=&#8221;center&#8221; global_colors_info=&#8221;{}&#8221;]<\/p>\n<h1><span lang=\"EN-US\">Hotel sede<\/span><\/h1>\n<p>[\/et_pb_text][et_pb_text _builder_version=&#8221;4.14.7&#8243; _module_preset=&#8221;default&#8221; text_font=&#8221;Allura||||||||&#8221; text_text_color=&#8221;#0C71C3&#8243; text_font_size=&#8221;59px&#8221; text_orientation=&#8221;center&#8221; text_font_size_tablet=&#8221;59px&#8221; text_font_size_phone=&#8221;49px&#8221; text_font_size_last_edited=&#8221;on|phone&#8221; text_line_height_tablet=&#8221;&#8221; text_line_height_phone=&#8221;1em&#8221; text_line_height_last_edited=&#8221;on|phone&#8221; text_text_shadow_style=&#8221;preset1&#8243; global_colors_info=&#8221;{}&#8221;]<\/p>\n<p><b><span lang=\"EN-US\">Meli\u00e1 Caribe Beach Resort<\/span><\/b><\/p>\n<p>[\/et_pb_text][et_pb_button button_url=&#8221;https:\/\/www.melia.com\/en&#8221; url_new_window=&#8221;on&#8221; button_text=&#8221;M\u00c1S SOBRE EL HOTEL&#8221; button_alignment=&#8221;center&#8221; _builder_version=&#8221;4.14.7&#8243; _module_preset=&#8221;default&#8221; global_colors_info=&#8221;{}&#8221;][\/et_pb_button][\/et_pb_column][\/et_pb_row][\/et_pb_section][et_pb_section fb_built=&#8221;1&#8243; _builder_version=&#8221;4.14.7&#8243; _module_preset=&#8221;default&#8221; custom_padding=&#8221;12px||4px|||&#8221; global_colors_info=&#8221;{}&#8221;][et_pb_row _builder_version=&#8221;4.14.7&#8243; _module_preset=&#8221;default&#8221; global_colors_info=&#8221;{}&#8221;][et_pb_column type=&#8221;4_4&#8243; _builder_version=&#8221;4.14.7&#8243; _module_preset=&#8221;default&#8221; global_colors_info=&#8221;{}&#8221;][et_pb_tabs _builder_version=&#8221;4.14.7&#8243; _module_preset=&#8221;default&#8221; hover_enabled=&#8221;0&#8243; global_colors_info=&#8221;{}&#8221; sticky_enabled=&#8221;0&#8243;][et_pb_tab title=&#8221;Tarifas Family Room Beach Side&#8221; _builder_version=&#8221;4.14.7&#8243; _module_preset=&#8221;default&#8221; hover_enabled=&#8221;0&#8243; global_colors_info=&#8221;{}&#8221; sticky_enabled=&#8221;0&#8243;]<\/p>\n<p class=\"x_MsoNormal\"><strong>Daypass:<\/strong> US$ 100.00 Env\u00edanos un correo<span>\u00a0<\/span><a href=\"mailto:a.rosales@redcamif.org\" data-linkindex=\"12\">a.rosales@redcamif.org<\/a><span>\u00a0<\/span>una semana antes del evento, para solicitar tu daypass al hotel.<\/p>\n<p style=\"background-color: #ff0;\">La reserva de habitaci\u00f3n la debe realizar el titular de la tarjeta, ya que le pedir\u00e1n la tarjeta con la que reservo la habitaci\u00f3n al momento del check in en el hotel. Esto es por pol\u00edtica de seguridad\u00a0del\u00a0hotel.<\/p>\n<p>&nbsp;<\/p>\n<p>Correo directo del hotel Meli\u00e1 Caribe Beach para solicitar facturas a nombre de una empresa BillingHotelpoint@melia.com<\/p>\n<p>*Aplica para reservas de habitaciones que se han realizado mediante el enlace del grupo Redcamif.<\/p>\n<p>Si desea que su reserva de habitaci\u00f3n aparezca de una vez con los datos de su empresa, le solicitamos que al momento de realizar la reserva en el link del grupo, d\u00e9 click sobre la opci\u00f3n \u201cTengo otros datos de facturaci\u00f3n\u201d e introduzca los datos de su empresa.<span style=\"text-decoration: underline;\"><\/span><\/p>\n<p>&nbsp;<\/p>\n<h4>Para consultas sobre el proceso de reservas de habitaciones:<br \/><strong>Francys R\u00edos<\/strong><br \/>Asistente de Informaci\u00f3n y An\u00e1lisis<br \/><span style=\"color: #3366ff;\"><a href=\"mailto:f.rios@redcamif.org\" style=\"color: #3366ff;\">f.rios@redcamif.org<\/a><\/span><\/h4>\n<p>&nbsp;<\/p>\n<p>[\/et_pb_tab][et_pb_tab title=&#8221;Aeropuertos y l\u00edneas a\u00e9reas&#8221; _builder_version=&#8221;4.14.7&#8243; _module_preset=&#8221;default&#8221; global_colors_info=&#8221;{}&#8221;]<\/p>\n<p class=\"x_MsoNormal\"><img loading=\"lazy\" decoding=\"async\" src=\"https:\/\/redcamif.org\/evolucion-finanzas-inclusivas\/wp-content\/uploads\/2024\/05\/plane-300x114.png\" width=\"300\" height=\"114\" alt=\"\" class=\"wp-image-321 alignnone size-medium\" \/><\/p>\n<p class=\"x_MsoNormal\">Aeropuerto Internacional de Las Am\u00e9ricas (SDQ) en Santo Domingo<\/p>\n<p class=\"x_MsoNormal\">Aeropuerto Internacional de Punta Cana (PUJ)<\/p>\n<p class=\"x_MsoNormal\">Traslado terrestre Santo Domingo a Punta Cana ( 2 horas y 40 minutos)<\/p>\n<p class=\"x_MsoNormal\"><strong>L\u00edneas a\u00e9reas sugeridas<\/strong><\/p>\n<p class=\"x_MsoNormal\"><strong>Arajet:<\/strong> El Salvador \u2013 Santo Domingo \u00a0\/ Guatemala \u2013 Santo Domingo<\/p>\n<p class=\"x_MsoNormal\"><strong>Spirit:<\/strong> \u00a0\u00a0Managua \u2013 Fort Lauderdale \u2013 Punta Cana<\/p>\n<p class=\"x_MsoNormal\"><strong>Copa:<\/strong> \u00a0San Jos\u00e9 \u2013 Punta Cana \/\u00a0 Panam\u00e1 \u2013 Punta Cana \/ \u00a0Guatemala \u2013 Panam\u00e1 &#8211; \u00a0Punta Cana \/ Managua \u2013 Panam\u00e1 \u2013 Punta Cana<\/p>\n<p>[\/et_pb_tab][et_pb_tab title=&#8221;Traslado aeropuerto \u2013 hotel \u2013 aeropuerto&#8221; _builder_version=&#8221;4.14.7&#8243; _module_preset=&#8221;default&#8221; global_colors_info=&#8221;{}&#8221;]<\/p>\n<p style=\"background-color: #ff0;\"><strong>Traslados desde aeropuerto de Santo Domingo hacia Punta Cana<\/strong><\/p>\n<p>Transporte Uribe<\/p>\n<p>+1 (809) 210-0636, Eddy Uribe<\/p>\n<p style=\"background-color: #00ff00;\"><strong>Traslados desde aeropuerto Punta Cana hacia Hotel Meli\u00e1 Caribe Beach<\/strong><\/p>\n<p>Transporte OTIUM<\/p>\n<p>+1 (809) 284-5649, Eddy Valdez<\/p>\n<p>+1 (809) 723-6174, Yokairy Lizardo<\/p>\n<p>Correo:\u00a0 <a href=\"mailto:gruposincentivos@otiumtour.com\">gruposincentivos@otiumtour.com<\/a><\/p>\n<p>Sitio web: <a href=\"http:\/\/www.otiumtour.com\/en\/tours\">http:\/\/www.otiumtour.com\/en\/tours<\/a><\/p>\n<p>[\/et_pb_tab][\/et_pb_tabs][\/et_pb_column][\/et_pb_row][\/et_pb_section][et_pb_section fb_built=&#8221;1&#8243; _builder_version=&#8221;4.14.7&#8243; _module_preset=&#8221;default&#8221; custom_padding=&#8221;||8px|||&#8221; global_colors_info=&#8221;{}&#8221;][et_pb_row _builder_version=&#8221;4.14.7&#8243; _module_preset=&#8221;default&#8221; global_colors_info=&#8221;{}&#8221;][et_pb_column type=&#8221;4_4&#8243; _builder_version=&#8221;4.14.7&#8243; _module_preset=&#8221;default&#8221; global_colors_info=&#8221;{}&#8221;][et_pb_text _builder_version=&#8221;4.14.7&#8243; _module_preset=&#8221;default&#8221; header_font=&#8221;Oswald|300|||||||&#8221; header_font_size=&#8221;49px&#8221; text_orientation=&#8221;center&#8221; global_colors_info=&#8221;{}&#8221;]<\/p>\n<h1><span lang=\"EN-US\">Galeria del Hotel<\/span><\/h1>\n<p>[\/et_pb_text][et_pb_gallery gallery_ids=&#8221;328,329,330,331,332,334,336,337&#8243; show_title_and_caption=&#8221;off&#8221; _builder_version=&#8221;4.14.7&#8243; _module_preset=&#8221;default&#8221; global_colors_info=&#8221;{}&#8221;][\/et_pb_gallery][\/et_pb_column][\/et_pb_row][\/et_pb_section][et_pb_section fb_built=&#8221;1&#8243; custom_padding_last_edited=&#8221;on|phone&#8221; admin_label=&#8221;Call To Action&#8221; _builder_version=&#8221;4.14.7&#8243; background_color=&#8221;#122d6b&#8221; background_color_gradient_start=&#8221;#3c3f63&#8243; background_color_gradient_end=&#8221;#3c3f63&#8243; background_color_gradient_direction=&#8221;90deg&#8221; background_enable_image=&#8221;off&#8221; background_size=&#8221;initial&#8221; background_position=&#8221;bottom_left&#8221; custom_padding=&#8221;90px||90px||true&#8221; custom_padding_tablet=&#8221;&#8221; custom_padding_phone=&#8221;50px||50px||true&#8221; global_module=&#8221;151&#8243; saved_tabs=&#8221;all&#8221; global_colors_info=&#8221;{}&#8221;][et_pb_row _builder_version=&#8221;4.14.7&#8243; _module_preset=&#8221;default&#8221; global_colors_info=&#8221;{}&#8221;][et_pb_column type=&#8221;4_4&#8243; _builder_version=&#8221;4.14.7&#8243; _module_preset=&#8221;default&#8221; global_colors_info=&#8221;{}&#8221;][et_pb_text _builder_version=&#8221;4.14.7&#8243; _module_preset=&#8221;default&#8221; text_text_color=&#8221;#FFFFFF&#8221; text_font_size=&#8221;20px&#8221; text_orientation=&#8221;center&#8221; global_colors_info=&#8221;{}&#8221;]<\/p>\n<p>Siganos en:<\/p>\n<p>[\/et_pb_text][et_pb_icon font_icon=&#8221;&#x22;||divi||400&#8243; icon_color=&#8221;#FFFFFF&#8221; icon_width=&#8221;29px&#8221; _builder_version=&#8221;4.14.7&#8243; _module_preset=&#8221;default&#8221; global_colors_info=&#8221;{}&#8221;][\/et_pb_icon][et_pb_social_media_follow use_icon_font_size=&#8221;on&#8221; icon_font_size=&#8221;19px&#8221; _builder_version=&#8221;4.14.7&#8243; _module_preset=&#8221;default&#8221; background_enable_color=&#8221;off&#8221; text_orientation=&#8221;center&#8221; module_alignment=&#8221;center&#8221; border_radii=&#8221;on|19px|19px|19px|19px&#8221; box_shadow_style=&#8221;preset1&#8243; global_colors_info=&#8221;{}&#8221;][et_pb_social_media_follow_network social_network=&#8221;facebook&#8221; url=&#8221;https:\/\/www.facebook.com\/Redcamif\/&#8221; _builder_version=&#8221;4.14.7&#8243; _module_preset=&#8221;default&#8221; background_color=&#8221;#5b8500&#8243; background_enable_color=&#8221;on&#8221; global_colors_info=&#8221;{}&#8221; background__hover_enabled=&#8221;on|hover&#8221; background_color__hover=&#8221;#7CDA24&#8243; background_enable_color__hover=&#8221;on&#8221; follow_button=&#8221;off&#8221; url_new_window=&#8221;on&#8221;]facebook[\/et_pb_social_media_follow_network][et_pb_social_media_follow_network social_network=&#8221;twitter&#8221; url=&#8221;https:\/\/x.com\/i\/flow\/login?redirect_after_login=%2FRedcamif1&#8243; _builder_version=&#8221;4.14.7&#8243; _module_preset=&#8221;default&#8221; background_color=&#8221;#5B8500&#8243; background_enable_color=&#8221;on&#8221; global_colors_info=&#8221;{}&#8221; background__hover_enabled=&#8221;on|hover&#8221; background_color__hover=&#8221;#7CDA24&#8243; background_enable_color__hover=&#8221;on&#8221; follow_button=&#8221;off&#8221; url_new_window=&#8221;on&#8221;]twitter[\/et_pb_social_media_follow_network][et_pb_social_media_follow_network social_network=&#8221;instagram&#8221; url=&#8221;https:\/\/www.instagram.com\/redcamif_microfinanzas\/?hl=en&#8221; _builder_version=&#8221;4.14.7&#8243; _module_preset=&#8221;default&#8221; background_color=&#8221;#5b8500&#8243; background_enable_color=&#8221;on&#8221; global_colors_info=&#8221;{}&#8221; background__hover_enabled=&#8221;on|hover&#8221; background_color__hover=&#8221;#7CDA24&#8243; background_enable_color__hover=&#8221;on&#8221; follow_button=&#8221;off&#8221; url_new_window=&#8221;on&#8221;]instagram[\/et_pb_social_media_follow_network][et_pb_social_media_follow_network social_network=&#8221;linkedin&#8221; url=&#8221;https:\/\/www.linkedin.com\/company\/redcamif&#8221; _builder_version=&#8221;4.14.7&#8243; _module_preset=&#8221;default&#8221; background_color=&#8221;#5B8500&#8243; background_enable_color=&#8221;on&#8221; global_colors_info=&#8221;{}&#8221; background__hover_enabled=&#8221;on|hover&#8221; background_color__hover=&#8221;#7CDA24&#8243; background_enable_color__hover=&#8221;on&#8221; follow_button=&#8221;off&#8221; url_new_window=&#8221;on&#8221;]linkedin[\/et_pb_social_media_follow_network][et_pb_social_media_follow_network social_network=&#8221;youtube&#8221; url=&#8221;https:\/\/www.youtube.com\/channel\/UCzWcyWwlUp0yqplJeufG_uA\/videos&#8221; _builder_version=&#8221;4.14.7&#8243; _module_preset=&#8221;default&#8221; background_color=&#8221;#5B8500&#8243; background_enable_color=&#8221;on&#8221; global_colors_info=&#8221;{}&#8221; background__hover_enabled=&#8221;on|hover&#8221; background_color__hover=&#8221;#7CDA24&#8243; background_enable_color__hover=&#8221;on&#8221; follow_button=&#8221;off&#8221; url_new_window=&#8221;on&#8221;]youtube[\/et_pb_social_media_follow_network][\/et_pb_social_media_follow][et_pb_text _builder_version=&#8221;4.14.7&#8243; _module_preset=&#8221;default&#8221; text_text_color=&#8221;#FFFFFF&#8221; header_2_text_align=&#8221;center&#8221; header_2_text_color=&#8221;#FFFFFF&#8221; header_2_font_size=&#8221;22px&#8221; header_2_line_height=&#8221;1.3em&#8221; custom_margin=&#8221;||16px|||&#8221; global_colors_info=&#8221;{}&#8221;]<\/p>\n<h2><span>EVOLUCI\u00d3N DE LAS FINANZAS<\/span><br \/><span>INCLUSIVAS HACIA LA SOSTENIBILIDAD<\/span><\/h2>\n<p>[\/et_pb_text][et_pb_text _builder_version=&#8221;4.14.7&#8243; _module_preset=&#8221;default&#8221; text_text_color=&#8221;#FFFFFF&#8221; text_font_size=&#8221;16px&#8221; text_orientation=&#8221;center&#8221; global_colors_info=&#8221;{}&#8221;]<\/p>\n<p>Innovaci\u00f3n financiera \u2013 Inversi\u00f3n de impacto \u2013 Enfoque de g\u00e9nero<\/p>\n<p>[\/et_pb_text][\/et_pb_column][\/et_pb_row][\/et_pb_section]<\/p>\n","protected":false},"excerpt":{"rendered":"<p>Hotel sedeMeli\u00e1 Caribe Beach ResortDaypass: US$ 100.00 Env\u00edanos un correo\u00a0a.rosales@redcamif.org\u00a0una semana antes del evento, para solicitar tu daypass al hotel. La reserva de habitaci\u00f3n la debe realizar el titular de la tarjeta, ya que le pedir\u00e1n la tarjeta con la que reservo la habitaci\u00f3n al momento del check in en el hotel. Esto es por [&hellip;]<\/p>\n","protected":false},"author":1,"featured_media":0,"parent":0,"menu_order":0,"comment_status":"closed","ping_status":"closed","template":"","meta":{"_et_pb_use_builder":"on","_et_pb_old_content":"","_et_gb_content_width":"","footnotes":""},"class_list":["post-318","page","type-page","status-publish","hentry"],"_links":{"self":[{"href":"https:\/\/redcamif.org\/evolucion-finanzas-inclusivas\/wp-json\/wp\/v2\/pages\/318","targetHints":{"allow":["GET"]}}],"collection":[{"href":"https:\/\/redcamif.org\/evolucion-finanzas-inclusivas\/wp-json\/wp\/v2\/pages"}],"about":[{"href":"https:\/\/redcamif.org\/evolucion-finanzas-inclusivas\/wp-json\/wp\/v2\/types\/page"}],"author":[{"embeddable":true,"href":"https:\/\/redcamif.org\/evolucion-finanzas-inclusivas\/wp-json\/wp\/v2\/users\/1"}],"replies":[{"embeddable":true,"href":"https:\/\/redcamif.org\/evolucion-finanzas-inclusivas\/wp-json\/wp\/v2\/comments?post=318"}],"version-history":[{"count":35,"href":"https:\/\/redcamif.org\/evolucion-finanzas-inclusivas\/wp-json\/wp\/v2\/pages\/318\/revisions"}],"predecessor-version":[{"id":811,"href":"https:\/\/redcamif.org\/evolucion-finanzas-inclusivas\/wp-json\/wp\/v2\/pages\/318\/revisions\/811"}],"wp:attachment":[{"href":"https:\/\/redcamif.org\/evolucion-finanzas-inclusivas\/wp-json\/wp\/v2\/media?parent=318"}],"curies":[{"name":"wp","href":"https:\/\/api.w.org\/{rel}","templated":true}]}}