{"id":263,"date":"2024-05-25T17:00:52","date_gmt":"2024-05-25T17:00:52","guid":{"rendered":"https:\/\/redcamif.org\/evolucion-finanzas-inclusivas\/?page_id=263"},"modified":"2024-07-11T14:29:14","modified_gmt":"2024-07-11T14:29:14","slug":"capacitaciones","status":"publish","type":"page","link":"https:\/\/redcamif.org\/evolucion-finanzas-inclusivas\/capacitaciones\/","title":{"rendered":"CAPACITACIONES"},"content":{"rendered":"<p>[et_pb_section fb_built=&#8221;1&#8243; fullwidth=&#8221;on&#8221; _builder_version=&#8221;4.14.7&#8243; _module_preset=&#8221;default&#8221; global_colors_info=&#8221;{}&#8221;][et_pb_fullwidth_image src=&#8221;https:\/\/redcamif.org\/evolucion-finanzas-inclusivas\/wp-content\/uploads\/2024\/06\/topcapacitaciones2.jpg&#8221; title_text=&#8221;topcapacitaciones2&#8243; _builder_version=&#8221;4.14.7&#8243; _module_preset=&#8221;default&#8221; global_colors_info=&#8221;{}&#8221;][\/et_pb_fullwidth_image][\/et_pb_section][et_pb_section fb_built=&#8221;1&#8243; _builder_version=&#8221;4.14.7&#8243; _module_preset=&#8221;default&#8221; custom_padding=&#8221;4px||1px|||&#8221; global_colors_info=&#8221;{}&#8221;][et_pb_row _builder_version=&#8221;4.14.7&#8243; _module_preset=&#8221;default&#8221; global_colors_info=&#8221;{}&#8221;][et_pb_column type=&#8221;4_4&#8243; _builder_version=&#8221;4.14.7&#8243; _module_preset=&#8221;default&#8221; global_colors_info=&#8221;{}&#8221;][et_pb_text _builder_version=&#8221;4.14.7&#8243; _module_preset=&#8221;default&#8221; header_font=&#8221;|300|||||||&#8221; header_text_align=&#8221;center&#8221; header_font_size=&#8221;59px&#8221; global_colors_info=&#8221;{}&#8221;]<\/p>\n<h1>CAPACITACIONES<\/h1>\n<p>[\/et_pb_text][\/et_pb_column][\/et_pb_row][\/et_pb_section][et_pb_section fb_built=&#8221;1&#8243; _builder_version=&#8221;4.14.7&#8243; _module_preset=&#8221;default&#8221; background_color=&#8221;gcid-6152c287-2f19-404e-8ff5-f19266165e41&#8243; global_colors_info=&#8221;{%22gcid-6152c287-2f19-404e-8ff5-f19266165e41%22:%91%22background_color%22%93}&#8221;][et_pb_row _builder_version=&#8221;4.14.7&#8243; _module_preset=&#8221;default&#8221; global_colors_info=&#8221;{}&#8221;][et_pb_column type=&#8221;4_4&#8243; _builder_version=&#8221;4.14.7&#8243; _module_preset=&#8221;default&#8221; global_colors_info=&#8221;{}&#8221;][et_pb_text _builder_version=&#8221;4.14.7&#8243; _module_preset=&#8221;default&#8221; text_text_color=&#8221;#FFFFFF&#8221; text_font_size=&#8221;29px&#8221; text_orientation=&#8221;center&#8221; global_colors_info=&#8221;{}&#8221;]<\/p>\n<p>\u00a0Pr\u00f3ximamente m\u00e1s informaci\u00f3n<\/p>\n<p>[\/et_pb_text][\/et_pb_column][\/et_pb_row][\/et_pb_section][et_pb_section fb_built=&#8221;1&#8243; disabled_on=&#8221;off|off|off&#8221; _builder_version=&#8221;4.14.7&#8243; _module_preset=&#8221;default&#8221; custom_padding=&#8221;2px|||||&#8221; global_colors_info=&#8221;{}&#8221;][et_pb_row _builder_version=&#8221;4.14.7&#8243; _module_preset=&#8221;default&#8221; custom_padding=&#8221;46px|||||&#8221; global_colors_info=&#8221;{}&#8221;][et_pb_column type=&#8221;4_4&#8243; _builder_version=&#8221;4.14.7&#8243; _module_preset=&#8221;default&#8221; global_colors_info=&#8221;{}&#8221;][et_pb_text _builder_version=&#8221;4.14.7&#8243; _module_preset=&#8221;default&#8221; text_font=&#8221;|300|||||||&#8221; header_font=&#8221;|300|||||||&#8221; header_text_align=&#8221;center&#8221; header_text_color=&#8221;#FFFFFF&#8221; header_font_size=&#8221;29px&#8221; background_color=&#8221;gcid-6152c287-2f19-404e-8ff5-f19266165e41&#8243; custom_padding=&#8221;9px||9px||true|false&#8221; global_colors_info=&#8221;{%22gcid-6152c287-2f19-404e-8ff5-f19266165e41%22:%91%22background_color%22%93}&#8221;]<\/p>\n<h1>Fecha: <span>17 de julio 2024<\/span><\/h1>\n<p>[\/et_pb_text][\/et_pb_column][\/et_pb_row][et_pb_row column_structure=&#8221;1_2,1_2&#8243; _builder_version=&#8221;4.14.7&#8243; _module_preset=&#8221;default&#8221; custom_padding=&#8221;46px|||||&#8221; global_colors_info=&#8221;{}&#8221;][et_pb_column type=&#8221;1_2&#8243; _builder_version=&#8221;4.14.7&#8243; _module_preset=&#8221;default&#8221; global_colors_info=&#8221;{}&#8221;][et_pb_text _builder_version=&#8221;4.14.7&#8243; _module_preset=&#8221;default&#8221; text_font=&#8221;|300|||||||&#8221; text_text_color=&#8221;#FFFFFF&#8221; text_font_size=&#8221;17px&#8221; header_font=&#8221;|300|||||||&#8221; header_text_align=&#8221;center&#8221; header_text_color=&#8221;#FFFFFF&#8221; header_font_size=&#8221;29px&#8221; background_color=&#8221;gcid-6152c287-2f19-404e-8ff5-f19266165e41&#8243; text_orientation=&#8221;center&#8221; custom_padding=&#8221;9px||9px||true|false&#8221; global_colors_info=&#8221;{%22gcid-6152c287-2f19-404e-8ff5-f19266165e41%22:%91%22background_color%22%93}&#8221;]<\/p>\n<h1>Capacitaci\u00f3n 1<\/h1>\n<p>9:00 am &#8211; 2:00 pm<\/p>\n<p><strong>Sal\u00f3n Isabela\u00a01<\/strong><\/p>\n<p>[\/et_pb_text][et_pb_image src=&#8221;https:\/\/redcamif.org\/evolucion-finanzas-inclusivas\/wp-content\/uploads\/2024\/06\/cerise.png&#8221; title_text=&#8221;cerise&#8221; align=&#8221;center&#8221; _builder_version=&#8221;4.14.7&#8243; _module_preset=&#8221;default&#8221; global_colors_info=&#8221;{}&#8221;][\/et_pb_image][et_pb_text _builder_version=&#8221;4.14.7&#8243; _module_preset=&#8221;default&#8221; text_orientation=&#8221;justified&#8221; global_colors_info=&#8221;{}&#8221;]<\/p>\n<h3><strong>Capacitaci\u00f3n sobre la Evaluaci\u00f3n y Gesti\u00f3n del Desempe\u00f1o Ambiental.<\/strong><\/h3>\n<p>Esta capacitaci\u00f3n proporcionar\u00e1 a las Instituciones Financieras una introducci\u00f3n y recomendaciones sobre c\u00f3mo gestionar el desempe\u00f1o ambiental. Los participantes aprender\u00e1n por qu\u00e9 es importante abordar el tema de responsabilidad ambiental en el contexto de las finanzas inclusivas. Al finalizar la capacitaci\u00f3n, los participantes contar\u00e1n con los recursos necesarios para dar los primeros pasos en este campo; como por ejemplo elaborar una estrategia ambiental para su instituci\u00f3n, considerar c\u00f3mo reducir el impacto ambiental actual, tanto a nivel institucional como en los negocios de\u00a0sus\u00a0clientes.<\/p>\n<p>[\/et_pb_text][\/et_pb_column][et_pb_column type=&#8221;1_2&#8243; _builder_version=&#8221;4.14.7&#8243; _module_preset=&#8221;default&#8221; global_colors_info=&#8221;{}&#8221;][et_pb_text _builder_version=&#8221;4.14.7&#8243; _module_preset=&#8221;default&#8221; text_font=&#8221;|300|||||||&#8221; text_text_color=&#8221;#FFFFFF&#8221; text_font_size=&#8221;17px&#8221; header_font=&#8221;|300|||||||&#8221; header_text_align=&#8221;center&#8221; header_text_color=&#8221;#FFFFFF&#8221; header_font_size=&#8221;29px&#8221; background_color=&#8221;gcid-6152c287-2f19-404e-8ff5-f19266165e41&#8243; text_orientation=&#8221;center&#8221; custom_padding=&#8221;9px||9px||true|false&#8221; global_colors_info=&#8221;{%22gcid-6152c287-2f19-404e-8ff5-f19266165e41%22:%91%22background_color%22%93}&#8221;]<\/p>\n<h1>Capacitaci\u00f3n 2<\/h1>\n<p>9:00 am &#8211; 12:00 pm<\/p>\n<p><strong>Sal\u00f3n Isabela\u00a02<\/strong><\/p>\n<p>[\/et_pb_text][et_pb_image src=&#8221;https:\/\/redcamif.org\/evolucion-finanzas-inclusivas\/wp-content\/uploads\/2024\/06\/luxermburgo.png&#8221; title_text=&#8221;luxermburgo&#8221; _builder_version=&#8221;4.14.7&#8243; _module_preset=&#8221;default&#8221; global_colors_info=&#8221;{}&#8221;][\/et_pb_image][et_pb_text _builder_version=&#8221;4.14.7&#8243; _module_preset=&#8221;default&#8221; text_orientation=&#8221;justified&#8221; global_colors_info=&#8221;{}&#8221;]<\/p>\n<h3><strong>Inteligencia de G\u00e9nero en la Provisi\u00f3n de Productos y Servicios Financieros.<\/strong><\/h3>\n<p>En esta capacitaci\u00f3n se abordar\u00e1 c\u00f3mo la inteligencia de g\u00e9nero contribuye a hacer un sector financiero m\u00e1s inclusivo. Se explorar\u00e1 su definici\u00f3n y relevancia en el dise\u00f1o centrado en las personas, su impacto en la reducci\u00f3n de brechas de g\u00e9nero en el sistema financiero, as\u00ed como los beneficios comerciales de su implementaci\u00f3n. Se presentar\u00e1n acciones concretas que las instituciones financieras pueden llevar a cabo para dise\u00f1ar y ajustar productos y servicios con inteligencia de g\u00e9nero. Durante la sesi\u00f3n, se realizar\u00e1 un ejercicio pr\u00e1ctico utilizando la Herramienta de an\u00e1lisis de inclusi\u00f3n financiera de las mujeres en la provisi\u00f3n de productos y servicios financieros, desarrollada por ONU Mujeres; que permite a instituciones financieras evaluar e identificar puntos de entrada para el desarrollo o ajuste de productos y servicios financieros para las mujeres.<\/p>\n<p>[\/et_pb_text][\/et_pb_column][\/et_pb_row][et_pb_row _builder_version=&#8221;4.14.7&#8243; _module_preset=&#8221;default&#8221; background_color=&#8221;#D6D6D6&#8243; global_colors_info=&#8221;{}&#8221;][et_pb_column type=&#8221;4_4&#8243; _builder_version=&#8221;4.14.7&#8243; _module_preset=&#8221;default&#8221; global_colors_info=&#8221;{}&#8221;][et_pb_text _builder_version=&#8221;4.14.7&#8243; _module_preset=&#8221;default&#8221; text_text_color=&#8221;#000000&#8243; text_font_size=&#8221;29px&#8221; text_orientation=&#8221;center&#8221; global_colors_info=&#8221;{}&#8221;]<\/p>\n<p>Almuerzo<\/p>\n<p>[\/et_pb_text][\/et_pb_column][\/et_pb_row][et_pb_row column_structure=&#8221;1_2,1_2&#8243; _builder_version=&#8221;4.14.7&#8243; _module_preset=&#8221;default&#8221; global_colors_info=&#8221;{}&#8221;][et_pb_column type=&#8221;1_2&#8243; _builder_version=&#8221;4.14.7&#8243; _module_preset=&#8221;default&#8221; global_colors_info=&#8221;{}&#8221;][et_pb_text _builder_version=&#8221;4.14.7&#8243; _module_preset=&#8221;default&#8221; text_font=&#8221;|300|||||||&#8221; text_text_color=&#8221;#FFFFFF&#8221; text_font_size=&#8221;17px&#8221; header_font=&#8221;|300|||||||&#8221; header_text_align=&#8221;center&#8221; header_text_color=&#8221;#FFFFFF&#8221; header_font_size=&#8221;29px&#8221; background_color=&#8221;gcid-6152c287-2f19-404e-8ff5-f19266165e41&#8243; text_orientation=&#8221;center&#8221; custom_padding=&#8221;9px||9px||true|false&#8221; global_colors_info=&#8221;{%22gcid-6152c287-2f19-404e-8ff5-f19266165e41%22:%91%22background_color%22%93}&#8221;]<\/p>\n<h1>Capacitaci\u00f3n 3<\/h1>\n<p>2:30\u00a0pm\u00a0&#8211;\u00a05:30pm<\/p>\n<p><strong>Sal\u00f3n Isabela\u00a01<\/strong><\/p>\n<p>[\/et_pb_text][et_pb_image src=&#8221;https:\/\/redcamif.org\/evolucion-finanzas-inclusivas\/wp-content\/uploads\/2024\/06\/ada.jpg&#8221; title_text=&#8221;ada&#8221; align=&#8221;center&#8221; _builder_version=&#8221;4.14.7&#8243; _module_preset=&#8221;default&#8221; global_colors_info=&#8221;{}&#8221;][\/et_pb_image][et_pb_text _builder_version=&#8221;4.14.7&#8243; _module_preset=&#8221;default&#8221; text_orientation=&#8221;justified&#8221; hover_enabled=&#8221;0&#8243; global_colors_info=&#8221;{}&#8221; sticky_enabled=&#8221;0&#8243;]<\/p>\n<h3><strong>Presentaci\u00f3n de la Iniciativa de Finanzas Clim\u00e1ticas Inclusivas de ADA e identificaci\u00f3n de l\u00edneas\u00a0de\u00a0colaboraci\u00f3n.<\/strong><\/h3>\n<p>Como parte de sus actividades en la regi\u00f3n, ADA presentar\u00e1 la Iniciativa de Finanzas Clim\u00e1ticas Inclusivas, que busca incrementar los flujos de financiamiento clim\u00e1tico hacia la poblaci\u00f3n vulnerable a trav\u00e9s de mecanismos innovadores. Durante esta sesi\u00f3n de retroalimentaci\u00f3n, no solo discutiremos el rol de las finanzas inclusivas en la adaptaci\u00f3n clim\u00e1tica, sino que tambi\u00e9n esperamos su participaci\u00f3n activa para identificar l\u00edneas de colaboraci\u00f3n en torno a esta nueva iniciativa. Si estos temas son de su inter\u00e9s y de su organizaci\u00f3n y es un proveedor de servicios financieros o un inversionista, lo invitamos\u00a0a\u00a0acompa\u00f1arnos.<\/p>\n<p>[\/et_pb_text][\/et_pb_column][et_pb_column type=&#8221;1_2&#8243; _builder_version=&#8221;4.14.7&#8243; _module_preset=&#8221;default&#8221; global_colors_info=&#8221;{}&#8221;][et_pb_text _builder_version=&#8221;4.14.7&#8243; _module_preset=&#8221;default&#8221; text_font=&#8221;|300|||||||&#8221; text_text_color=&#8221;#FFFFFF&#8221; text_font_size=&#8221;17px&#8221; header_font=&#8221;|300|||||||&#8221; header_text_align=&#8221;center&#8221; header_text_color=&#8221;#FFFFFF&#8221; header_font_size=&#8221;29px&#8221; background_color=&#8221;gcid-6152c287-2f19-404e-8ff5-f19266165e41&#8243; text_orientation=&#8221;center&#8221; custom_padding=&#8221;9px||9px||true|false&#8221; global_colors_info=&#8221;{%22gcid-6152c287-2f19-404e-8ff5-f19266165e41%22:%91%22background_color%22%93}&#8221;]<\/p>\n<h1>Capacitaci\u00f3n 4<\/h1>\n<p>2:00 pm &#8211; 3:00 pm<\/p>\n<p><strong>Sal\u00f3n Isabela\u00a02<\/strong><\/p>\n<p>[\/et_pb_text][et_pb_image src=&#8221;https:\/\/redcamif.org\/evolucion-finanzas-inclusivas\/wp-content\/uploads\/2024\/07\/Equifax.png&#8221; title_text=&#8221;Equifax&#8221; align=&#8221;center&#8221; _builder_version=&#8221;4.14.7&#8243; _module_preset=&#8221;default&#8221; width=&#8221;59%&#8221; global_colors_info=&#8221;{}&#8221;][\/et_pb_image][et_pb_text _builder_version=&#8221;4.14.7&#8243; _module_preset=&#8221;default&#8221; text_orientation=&#8221;justified&#8221; global_colors_info=&#8221;{}&#8221;]<\/p>\n<h3><strong>Motores de decisi\u00f3n para la automatizaci\u00f3n de aprobaciones\u00a0de\u00a0cr\u00e9dito.<\/strong><\/h3>\n<p>Aprovechar la tecnolog\u00eda de los motores de decisi\u00f3n para reducci\u00f3n de gastos operativos en la aprobaci\u00f3n de cr\u00e9ditos, as\u00ed como el incremento en la tasa de aprobaci\u00f3n, manteniendo el apetito de riesgo. Caso de \u00e9xito de aplicaci\u00f3n a trav\u00e9s de solicitudes de cr\u00e9dito en dispositivos\u00a0m\u00f3viles.<\/p>\n<p>[\/et_pb_text][\/et_pb_column][\/et_pb_row][\/et_pb_section][et_pb_section fb_built=&#8221;1&#8243; custom_padding_last_edited=&#8221;on|phone&#8221; admin_label=&#8221;Call To Action&#8221; _builder_version=&#8221;4.14.7&#8243; background_color=&#8221;#122d6b&#8221; background_color_gradient_start=&#8221;#3c3f63&#8243; background_color_gradient_end=&#8221;#3c3f63&#8243; background_color_gradient_direction=&#8221;90deg&#8221; background_enable_image=&#8221;off&#8221; background_size=&#8221;initial&#8221; background_position=&#8221;bottom_left&#8221; custom_padding=&#8221;90px||90px||true&#8221; custom_padding_tablet=&#8221;&#8221; custom_padding_phone=&#8221;50px||50px||true&#8221; global_module=&#8221;151&#8243; saved_tabs=&#8221;all&#8221; global_colors_info=&#8221;{}&#8221;][et_pb_row _builder_version=&#8221;4.14.7&#8243; _module_preset=&#8221;default&#8221; global_colors_info=&#8221;{}&#8221;][et_pb_column type=&#8221;4_4&#8243; _builder_version=&#8221;4.14.7&#8243; _module_preset=&#8221;default&#8221; global_colors_info=&#8221;{}&#8221;][et_pb_text _builder_version=&#8221;4.14.7&#8243; _module_preset=&#8221;default&#8221; text_text_color=&#8221;#FFFFFF&#8221; text_font_size=&#8221;20px&#8221; text_orientation=&#8221;center&#8221; global_colors_info=&#8221;{}&#8221;]<\/p>\n<p>Siganos en:<\/p>\n<p>[\/et_pb_text][et_pb_icon font_icon=&#8221;&#x22;||divi||400&#8243; icon_color=&#8221;#FFFFFF&#8221; icon_width=&#8221;29px&#8221; _builder_version=&#8221;4.14.7&#8243; _module_preset=&#8221;default&#8221; global_colors_info=&#8221;{}&#8221;][\/et_pb_icon][et_pb_social_media_follow use_icon_font_size=&#8221;on&#8221; icon_font_size=&#8221;19px&#8221; _builder_version=&#8221;4.14.7&#8243; _module_preset=&#8221;default&#8221; background_enable_color=&#8221;off&#8221; text_orientation=&#8221;center&#8221; module_alignment=&#8221;center&#8221; border_radii=&#8221;on|19px|19px|19px|19px&#8221; box_shadow_style=&#8221;preset1&#8243; global_colors_info=&#8221;{}&#8221;][et_pb_social_media_follow_network social_network=&#8221;facebook&#8221; url=&#8221;https:\/\/www.facebook.com\/Redcamif\/&#8221; _builder_version=&#8221;4.14.7&#8243; _module_preset=&#8221;default&#8221; background_color=&#8221;#5b8500&#8243; background_enable_color=&#8221;on&#8221; global_colors_info=&#8221;{}&#8221; background__hover_enabled=&#8221;on|hover&#8221; background_color__hover=&#8221;#7CDA24&#8243; background_enable_color__hover=&#8221;on&#8221; follow_button=&#8221;off&#8221; url_new_window=&#8221;on&#8221;]facebook[\/et_pb_social_media_follow_network][et_pb_social_media_follow_network social_network=&#8221;twitter&#8221; url=&#8221;https:\/\/x.com\/i\/flow\/login?redirect_after_login=%2FRedcamif1&#8243; _builder_version=&#8221;4.14.7&#8243; _module_preset=&#8221;default&#8221; background_color=&#8221;#5B8500&#8243; background_enable_color=&#8221;on&#8221; global_colors_info=&#8221;{}&#8221; background__hover_enabled=&#8221;on|hover&#8221; background_color__hover=&#8221;#7CDA24&#8243; background_enable_color__hover=&#8221;on&#8221; follow_button=&#8221;off&#8221; url_new_window=&#8221;on&#8221;]twitter[\/et_pb_social_media_follow_network][et_pb_social_media_follow_network social_network=&#8221;instagram&#8221; url=&#8221;https:\/\/www.instagram.com\/redcamif_microfinanzas\/?hl=en&#8221; _builder_version=&#8221;4.14.7&#8243; _module_preset=&#8221;default&#8221; background_color=&#8221;#5b8500&#8243; background_enable_color=&#8221;on&#8221; global_colors_info=&#8221;{}&#8221; background__hover_enabled=&#8221;on|hover&#8221; background_color__hover=&#8221;#7CDA24&#8243; background_enable_color__hover=&#8221;on&#8221; follow_button=&#8221;off&#8221; url_new_window=&#8221;on&#8221;]instagram[\/et_pb_social_media_follow_network][et_pb_social_media_follow_network social_network=&#8221;linkedin&#8221; url=&#8221;https:\/\/www.linkedin.com\/company\/redcamif&#8221; _builder_version=&#8221;4.14.7&#8243; _module_preset=&#8221;default&#8221; background_color=&#8221;#5B8500&#8243; background_enable_color=&#8221;on&#8221; global_colors_info=&#8221;{}&#8221; background__hover_enabled=&#8221;on|hover&#8221; background_color__hover=&#8221;#7CDA24&#8243; background_enable_color__hover=&#8221;on&#8221; follow_button=&#8221;off&#8221; url_new_window=&#8221;on&#8221;]linkedin[\/et_pb_social_media_follow_network][et_pb_social_media_follow_network social_network=&#8221;youtube&#8221; url=&#8221;https:\/\/www.youtube.com\/channel\/UCzWcyWwlUp0yqplJeufG_uA\/videos&#8221; _builder_version=&#8221;4.14.7&#8243; _module_preset=&#8221;default&#8221; background_color=&#8221;#5B8500&#8243; background_enable_color=&#8221;on&#8221; global_colors_info=&#8221;{}&#8221; background__hover_enabled=&#8221;on|hover&#8221; background_color__hover=&#8221;#7CDA24&#8243; background_enable_color__hover=&#8221;on&#8221; follow_button=&#8221;off&#8221; url_new_window=&#8221;on&#8221;]youtube[\/et_pb_social_media_follow_network][\/et_pb_social_media_follow][et_pb_text _builder_version=&#8221;4.14.7&#8243; _module_preset=&#8221;default&#8221; text_text_color=&#8221;#FFFFFF&#8221; header_2_text_align=&#8221;center&#8221; header_2_text_color=&#8221;#FFFFFF&#8221; header_2_font_size=&#8221;22px&#8221; header_2_line_height=&#8221;1.3em&#8221; custom_margin=&#8221;||16px|||&#8221; global_colors_info=&#8221;{}&#8221;]<\/p>\n<h2><span>EVOLUCI\u00d3N DE LAS FINANZAS<\/span><br \/><span>INCLUSIVAS HACIA LA SOSTENIBILIDAD<\/span><\/h2>\n<p>[\/et_pb_text][et_pb_text _builder_version=&#8221;4.14.7&#8243; _module_preset=&#8221;default&#8221; text_text_color=&#8221;#FFFFFF&#8221; text_font_size=&#8221;16px&#8221; text_orientation=&#8221;center&#8221; global_colors_info=&#8221;{}&#8221;]<\/p>\n<p>Innovaci\u00f3n financiera \u2013 Inversi\u00f3n de impacto \u2013 Enfoque de g\u00e9nero<\/p>\n<p>[\/et_pb_text][\/et_pb_column][\/et_pb_row][\/et_pb_section]<\/p>\n","protected":false},"excerpt":{"rendered":"<p>CAPACITACIONES\u00a0Pr\u00f3ximamente m\u00e1s informaci\u00f3nFecha: 17 de julio 2024Capacitaci\u00f3n 1 9:00 am &#8211; 2:00 pm Sal\u00f3n Isabela\u00a01Capacitaci\u00f3n sobre la Evaluaci\u00f3n y Gesti\u00f3n del Desempe\u00f1o Ambiental. Esta capacitaci\u00f3n proporcionar\u00e1 a las Instituciones Financieras una introducci\u00f3n y recomendaciones sobre c\u00f3mo gestionar el desempe\u00f1o ambiental. Los participantes aprender\u00e1n por qu\u00e9 es importante abordar el tema de responsabilidad ambiental en el [&hellip;]<\/p>\n","protected":false},"author":1,"featured_media":0,"parent":0,"menu_order":0,"comment_status":"closed","ping_status":"closed","template":"","meta":{"_et_pb_use_builder":"on","_et_pb_old_content":"","_et_gb_content_width":"","footnotes":""},"class_list":["post-263","page","type-page","status-publish","hentry"],"_links":{"self":[{"href":"https:\/\/redcamif.org\/evolucion-finanzas-inclusivas\/wp-json\/wp\/v2\/pages\/263","targetHints":{"allow":["GET"]}}],"collection":[{"href":"https:\/\/redcamif.org\/evolucion-finanzas-inclusivas\/wp-json\/wp\/v2\/pages"}],"about":[{"href":"https:\/\/redcamif.org\/evolucion-finanzas-inclusivas\/wp-json\/wp\/v2\/types\/page"}],"author":[{"embeddable":true,"href":"https:\/\/redcamif.org\/evolucion-finanzas-inclusivas\/wp-json\/wp\/v2\/users\/1"}],"replies":[{"embeddable":true,"href":"https:\/\/redcamif.org\/evolucion-finanzas-inclusivas\/wp-json\/wp\/v2\/comments?post=263"}],"version-history":[{"count":21,"href":"https:\/\/redcamif.org\/evolucion-finanzas-inclusivas\/wp-json\/wp\/v2\/pages\/263\/revisions"}],"predecessor-version":[{"id":839,"href":"https:\/\/redcamif.org\/evolucion-finanzas-inclusivas\/wp-json\/wp\/v2\/pages\/263\/revisions\/839"}],"wp:attachment":[{"href":"https:\/\/redcamif.org\/evolucion-finanzas-inclusivas\/wp-json\/wp\/v2\/media?parent=263"}],"curies":[{"name":"wp","href":"https:\/\/api.w.org\/{rel}","templated":true}]}}